{"id":876,"date":"2014-09-29T20:40:41","date_gmt":"2014-09-29T18:40:41","guid":{"rendered":"http:\/\/yoga-nandi.de\/?page_id=876"},"modified":"2022-11-22T16:59:36","modified_gmt":"2022-11-22T15:59:36","slug":"autogenes-training","status":"publish","type":"page","link":"https:\/\/yoga-nandi.de\/?page_id=876","title":{"rendered":"Autogenes Training"},"content":{"rendered":"<h3 style=\"text-align: left;\" align=\"CENTER\">Grundstufe<\/h3>\n<p style=\"text-align: left;\" align=\"CENTER\">In angenehmer Atmosph\u00e4re Ruhe und Gelassenheit erlernen.<\/p>\n<p>An 8 Terminen erlernen Sie die Grundlagen des autogenen Trainings nach J.H. Schultz. Erg\u00e4nzt und bereichert wird das Programm durch Fantasiereisen, K\u00f6rperreisen, Atem\u00fcbungen und Entspannungsyoga.<\/p>\n<p>Matten, Decken, Meditationskissen sind vorhanden. Alles, was Sie mitbringen m\u00fcssen, sind\u00a0 Interesse und\u00a0 Neugier, um anzukommen und in die Kurseinheit zu starten.<\/p>\n<p>Der Kurs findet in einer kleinen Gruppe in angenehmer Atmosph\u00e4re statt.<\/p>\n<p>Kursbeginn bei Anmeldung von mind. 5 TeilnehmerInnen.<\/p>\n<p><strong>Ort: Yoga Nandi, Am Holzhafen 1, Schwedt<\/strong><\/p>\n<p>&nbsp;<\/p>\n<p><strong> Alternativ k\u00f6nnen Sie autogenes Training auch im Einzeltraining bei mir erlernen.<\/strong><\/p>\n<p>&nbsp;<\/p>\n","protected":false},"excerpt":{"rendered":"<p>Grundstufe In angenehmer Atmosph\u00e4re Ruhe und Gelassenheit erlernen. An 8 Terminen erlernen Sie die Grundlagen des autogenen Trainings nach J.H. Schultz. Erg\u00e4nzt und bereichert wird das Programm durch Fantasiereisen, K\u00f6rperreisen, Atem\u00fcbungen und Entspannungsyoga. Matten, Decken, Meditationskissen sind vorhanden. Alles, was &hellip;<\/p>\n<p class=\"read-more\"> <a class=\"more-link\" href=\"https:\/\/yoga-nandi.de\/?page_id=876\"> <span class=\"screen-reader-text\">Autogenes Training<\/span> Weiterlesen &raquo;<\/a><\/p>\n","protected":false},"author":3,"featured_media":0,"parent":0,"menu_order":0,"comment_status":"closed","ping_status":"open","template":"","meta":{"footnotes":""},"class_list":["post-876","page","type-page","status-publish","hentry"],"_links":{"self":[{"href":"https:\/\/yoga-nandi.de\/index.php?rest_route=\/wp\/v2\/pages\/876","targetHints":{"allow":["GET"]}}],"collection":[{"href":"https:\/\/yoga-nandi.de\/index.php?rest_route=\/wp\/v2\/pages"}],"about":[{"href":"https:\/\/yoga-nandi.de\/index.php?rest_route=\/wp\/v2\/types\/page"}],"author":[{"embeddable":true,"href":"https:\/\/yoga-nandi.de\/index.php?rest_route=\/wp\/v2\/users\/3"}],"replies":[{"embeddable":true,"href":"https:\/\/yoga-nandi.de\/index.php?rest_route=%2Fwp%2Fv2%2Fcomments&post=876"}],"version-history":[{"count":14,"href":"https:\/\/yoga-nandi.de\/index.php?rest_route=\/wp\/v2\/pages\/876\/revisions"}],"predecessor-version":[{"id":3101,"href":"https:\/\/yoga-nandi.de\/index.php?rest_route=\/wp\/v2\/pages\/876\/revisions\/3101"}],"wp:attachment":[{"href":"https:\/\/yoga-nandi.de\/index.php?rest_route=%2Fwp%2Fv2%2Fmedia&parent=876"}],"curies":[{"name":"wp","href":"https:\/\/api.w.org\/{rel}","templated":true}]}}